{"id":48,"date":"2024-09-17T14:24:02","date_gmt":"2024-09-17T14:24:02","guid":{"rendered":"https:\/\/stalgrindarhus.is\/?page_id=48"},"modified":"2025-07-28T14:39:39","modified_gmt":"2025-07-28T14:39:39","slug":"about","status":"publish","type":"page","link":"https:\/\/stalgrindarhus.is\/is\/about\/","title":{"rendered":"Um okkur"},"content":{"rendered":"<div data-elementor-type=\"wp-page\" data-elementor-id=\"48\" class=\"elementor elementor-48\" data-elementor-post-type=\"page\">\n\t\t\t\t<div class=\"elementor-element elementor-element-b7129b9 e-flex e-con-boxed e-con e-parent\" data-id=\"b7129b9\" data-element_type=\"container\" data-e-type=\"container\" data-settings=\"{&quot;background_background&quot;:&quot;classic&quot;}\">\n\t\t\t\t\t<div class=\"e-con-inner\">\n\t\t\t\t<div class=\"elementor-element elementor-element-9cffa10 elementor-widget__width-inherit elementor-widget elementor-widget-heading\" data-id=\"9cffa10\" data-element_type=\"widget\" data-e-type=\"widget\" data-widget_type=\"heading.default\">\n\t\t\t\t<div class=\"elementor-widget-container\">\n\t\t\t\t\t<h4 class=\"elementor-heading-title elementor-size-default\">Um okkur<\/h4>\t\t\t\t<\/div>\n\t\t\t\t<\/div>\n\t\t\t\t<div class=\"elementor-element elementor-element-61019f4 elementor-widget__width-inherit elementor-widget elementor-widget-heading\" data-id=\"61019f4\" data-element_type=\"widget\" data-e-type=\"widget\" data-widget_type=\"heading.default\">\n\t\t\t\t<div class=\"elementor-widget-container\">\n\t\t\t\t\t<h2 class=\"elementor-heading-title elementor-size-default\">Sagan okkar<\/h2>\t\t\t\t<\/div>\n\t\t\t\t<\/div>\n\t\t\t\t\t<\/div>\n\t\t\t\t<\/div>\n\t\t<div class=\"elementor-element elementor-element-e0d9359 e-flex e-con-boxed e-con e-parent\" data-id=\"e0d9359\" data-element_type=\"container\" data-e-type=\"container\">\n\t\t\t\t\t<div class=\"e-con-inner\">\n\t\t<div class=\"elementor-element elementor-element-54f7d27 e-con-full e-flex e-con e-child\" data-id=\"54f7d27\" data-element_type=\"container\" data-e-type=\"container\">\n\t\t\t\t<div class=\"elementor-element elementor-element-f65ae0d elementor-widget elementor-widget-image\" data-id=\"f65ae0d\" data-element_type=\"widget\" data-e-type=\"widget\" data-widget_type=\"image.default\">\n\t\t\t\t<div class=\"elementor-widget-container\">\n\t\t\t\t\t\t\t\t\t\t\t\t\t\t\t<img fetchpriority=\"high\" decoding=\"async\" width=\"800\" height=\"533\" src=\"https:\/\/stalgrindarhus.is\/wp-content\/uploads\/2024\/10\/Stalgrindarhus-1024x682.png\" class=\"attachment-large size-large wp-image-178\" alt=\"\" srcset=\"https:\/\/stalgrindarhus.is\/wp-content\/uploads\/2024\/10\/Stalgrindarhus-1024x682.png 1024w, https:\/\/stalgrindarhus.is\/wp-content\/uploads\/2024\/10\/Stalgrindarhus-300x200.png 300w, https:\/\/stalgrindarhus.is\/wp-content\/uploads\/2024\/10\/Stalgrindarhus-768x512.png 768w, https:\/\/stalgrindarhus.is\/wp-content\/uploads\/2024\/10\/Stalgrindarhus-1536x1023.png 1536w, https:\/\/stalgrindarhus.is\/wp-content\/uploads\/2024\/10\/Stalgrindarhus-18x12.png 18w, https:\/\/stalgrindarhus.is\/wp-content\/uploads\/2024\/10\/Stalgrindarhus.png 1920w\" sizes=\"(max-width: 800px) 100vw, 800px\" \/>\t\t\t\t\t\t\t\t\t\t\t\t\t\t\t<\/div>\n\t\t\t\t<\/div>\n\t\t\t\t<\/div>\n\t\t<div class=\"elementor-element elementor-element-1fc9eb5 e-con-full e-flex e-con e-child\" data-id=\"1fc9eb5\" data-element_type=\"container\" data-e-type=\"container\">\n\t\t\t\t<div class=\"elementor-element elementor-element-689e9ea elementor-widget__width-initial elementor-widget elementor-widget-heading\" data-id=\"689e9ea\" data-element_type=\"widget\" data-e-type=\"widget\" data-widget_type=\"heading.default\">\n\t\t\t\t<div class=\"elementor-widget-container\">\n\t\t\t\t\t<h2 class=\"elementor-heading-title elementor-size-default\">Vi\u00f0 leggjum metna\u00f0 \u00ed fram\u00farskarandi byggingar.<\/h2>\t\t\t\t<\/div>\n\t\t\t\t<\/div>\n\t\t\t\t<div class=\"elementor-element elementor-element-7221acf elementor-widget elementor-widget-text-editor\" data-id=\"7221acf\" data-element_type=\"widget\" data-e-type=\"widget\" data-widget_type=\"text-editor.default\">\n\t\t\t\t<div class=\"elementor-widget-container\">\n\t\t\t\t\t\t\t\t\t<p class=\"p1\">Fr\u00e1 \u00e1rinu 2002 hefur St\u00e1lgrindarh\u00fas veri\u00f0 lei\u00f0andi \u00ed h\u00f6nnun og byggingu st\u00e1lgrindarh\u00fasa. Vi\u00f0 leggjum \u00e1herslu \u00e1 a\u00f0 skapa fallegar byggingar sem eru jafnframt kostna\u00f0arsamar \u00e1n \u00feess a\u00f0 sker\u00f0a g\u00e6\u00f0i.<i><\/i><\/p>\t\t\t\t\t\t\t\t<\/div>\n\t\t\t\t<\/div>\n\t\t<div class=\"elementor-element elementor-element-8c9c0cc e-con-full e-flex e-con e-child\" data-id=\"8c9c0cc\" data-element_type=\"container\" data-e-type=\"container\">\n\t\t\t\t<div class=\"elementor-element elementor-element-67ce650 elementor-widget elementor-widget-icon-box\" data-id=\"67ce650\" data-element_type=\"widget\" data-e-type=\"widget\" data-widget_type=\"icon-box.default\">\n\t\t\t\t<div class=\"elementor-widget-container\">\n\t\t\t\t\t\t\t<div class=\"elementor-icon-box-wrapper\">\n\n\t\t\t\n\t\t\t\t\t\t<div class=\"elementor-icon-box-content\">\n\n\t\t\t\t\t\t\t\t\t<h3 class=\"elementor-icon-box-title\">\n\t\t\t\t\t\t<span  >\n\t\t\t\t\t\t\tV\u00f6rumerki\u00f0 okkar\t\t\t\t\t\t<\/span>\n\t\t\t\t\t<\/h3>\n\t\t\t\t\n\t\t\t\t\t\t\t\t\t<p class=\"elementor-icon-box-description\">\n\t\t\t\t\t\tVi\u00f0 tr\u00faum \u00e1 a\u00f0 sameina fegur\u00f0 og hagkv\u00e6mni, svo vi\u00f0skiptavinir okkar f\u00e1i fram\u00farskarandi ver\u00f0m\u00e6ti. N\u00fdsk\u00f6pun og skilvirkni lei\u00f0a allt okkar starf \u00ed byggingu st\u00e1lgrindarh\u00fasa.\n\n\t\t\t\t\t<\/p>\n\t\t\t\t\n\t\t\t<\/div>\n\t\t\t\n\t\t<\/div>\n\t\t\t\t\t\t<\/div>\n\t\t\t\t<\/div>\n\t\t\t\t<div class=\"elementor-element elementor-element-8c122cf elementor-widget elementor-widget-icon-box\" data-id=\"8c122cf\" data-element_type=\"widget\" data-e-type=\"widget\" data-widget_type=\"icon-box.default\">\n\t\t\t\t<div class=\"elementor-widget-container\">\n\t\t\t\t\t\t\t<div class=\"elementor-icon-box-wrapper\">\n\n\t\t\t\n\t\t\t\t\t\t<div class=\"elementor-icon-box-content\">\n\n\t\t\t\t\t\t\t\t\t<h3 class=\"elementor-icon-box-title\">\n\t\t\t\t\t\t<span  >\n\t\t\t\t\t\t\tMarkmi\u00f0 okkar\t\t\t\t\t\t<\/span>\n\t\t\t\t\t<\/h3>\n\t\t\t\t\n\t\t\t\t\t\t\t\t\t<p class=\"elementor-icon-box-description\">\n\t\t\t\t\t\tVi\u00f0 leggjum okkur fram vi\u00f0 a\u00f0 bj\u00f3\u00f0a upp \u00e1 hagkv\u00e6mustu og fallegustu st\u00e1lgrindarh\u00fasin. \u00c1herslan okkar er \u00e1 a\u00f0 skila h\u00e1g\u00e6\u00f0a h\u00fasum me\u00f0 n\u00fat\u00edmalegum efnum og h\u00f6nnun.\t\t\t\t\t<\/p>\n\t\t\t\t\n\t\t\t<\/div>\n\t\t\t\n\t\t<\/div>\n\t\t\t\t\t\t<\/div>\n\t\t\t\t<\/div>\n\t\t\t\t<\/div>\n\t\t\t\t<\/div>\n\t\t\t\t\t<\/div>\n\t\t\t\t<\/div>\n\t\t<div class=\"elementor-element elementor-element-9e0acf4 e-flex e-con-boxed e-con e-parent\" data-id=\"9e0acf4\" data-element_type=\"container\" data-e-type=\"container\">\n\t\t\t\t\t<div class=\"e-con-inner\">\n\t\t<div class=\"elementor-element elementor-element-44a037e e-con-full e-flex e-con e-child\" data-id=\"44a037e\" data-element_type=\"container\" data-e-type=\"container\">\n\t\t\t\t<div class=\"elementor-element elementor-element-3f8ba34 elementor-widget__width-initial elementor-widget elementor-widget-heading\" data-id=\"3f8ba34\" data-element_type=\"widget\" data-e-type=\"widget\" data-widget_type=\"heading.default\">\n\t\t\t\t<div class=\"elementor-widget-container\">\n\t\t\t\t\t<h2 class=\"elementor-heading-title elementor-size-default\">S\u00e9rfr\u00e6\u00f0ilausnir, bygg\u00f0ar saman.<\/h2>\t\t\t\t<\/div>\n\t\t\t\t<\/div>\n\t\t\t\t<div class=\"elementor-element elementor-element-60b6903 elementor-widget elementor-widget-text-editor\" data-id=\"60b6903\" data-element_type=\"widget\" data-e-type=\"widget\" data-widget_type=\"text-editor.default\">\n\t\t\t\t<div class=\"elementor-widget-container\">\n\t\t\t\t\t\t\t\t\t<p class=\"p1\">Vi\u00f0 s\u00e9rh\u00e6fum okkur \u00ed skilvirkri byggingu h\u00e1g\u00e6\u00f0a h\u00fasa me\u00f0 st\u00e1lgrind, \u00fear sem vi\u00f0 notum n\u00fat\u00edmaleg og endingarg\u00f3\u00f0 byggingarefni eins og glerveggi og steypt g\u00f3lf. \u00deessi a\u00f0fer\u00f0 tryggir a\u00f0 h\u00fasin okkar s\u00e9u b\u00e6\u00f0i endingarg\u00f3\u00f0 og hagkv\u00e6m.<i><\/i><\/p>\t\t\t\t\t\t\t\t<\/div>\n\t\t\t\t<\/div>\n\t\t<div class=\"elementor-element elementor-element-037202b e-con-full e-flex e-con e-child\" data-id=\"037202b\" data-element_type=\"container\" data-e-type=\"container\">\n\t\t\t\t<div class=\"elementor-element elementor-element-fb0b9f3 elementor-widget elementor-widget-icon-box\" data-id=\"fb0b9f3\" data-element_type=\"widget\" data-e-type=\"widget\" data-widget_type=\"icon-box.default\">\n\t\t\t\t<div class=\"elementor-widget-container\">\n\t\t\t\t\t\t\t<div class=\"elementor-icon-box-wrapper\">\n\n\t\t\t\n\t\t\t\t\t\t<div class=\"elementor-icon-box-content\">\n\n\t\t\t\t\t\t\t\t\t<h3 class=\"elementor-icon-box-title\">\n\t\t\t\t\t\t<span  >\n\t\t\t\t\t\t\tSamvinna okkar\t\t\t\t\t\t<\/span>\n\t\t\t\t\t<\/h3>\n\t\t\t\t\n\t\t\t\t\t\t\t\t\t<p class=\"elementor-icon-box-description\">\n\t\t\t\t\t\tVi\u00f0 vinnum n\u00e1i\u00f0 me\u00f0 kaupendum, arkitektum og verkt\u00f6kum allt fr\u00e1 fyrstu hugmynd a\u00f0 lokinni framkv\u00e6md, og tryggjum hagkv\u00e6mar byggingalausnir. Vi\u00f0 bj\u00f3\u00f0um \u00fe\u00e9r a\u00f0 taka \u00fe\u00e1tt \u00ed samstarfi vi\u00f0 St\u00e1lgrindarh\u00fas fyrir \u00e1n\u00e6gjulega og \u00e1rangursr\u00edka \u00fatf\u00e6rslu.\n\t\t\t\t\t<\/p>\n\t\t\t\t\n\t\t\t<\/div>\n\t\t\t\n\t\t<\/div>\n\t\t\t\t\t\t<\/div>\n\t\t\t\t<\/div>\n\t\t\t\t<div class=\"elementor-element elementor-element-a20092b elementor-widget elementor-widget-icon-box\" data-id=\"a20092b\" data-element_type=\"widget\" data-e-type=\"widget\" data-widget_type=\"icon-box.default\">\n\t\t\t\t<div class=\"elementor-widget-container\">\n\t\t\t\t\t\t\t<div class=\"elementor-icon-box-wrapper\">\n\n\t\t\t\n\t\t\t\t\t\t<div class=\"elementor-icon-box-content\">\n\n\t\t\t\t\t\t\t\t\t<h3 class=\"elementor-icon-box-title\">\n\t\t\t\t\t\t<span  >\n\t\t\t\t\t\t\tV\u00f6ruframbo\u00f0 okkar\t\t\t\t\t\t<\/span>\n\t\t\t\t\t<\/h3>\n\t\t\t\t\n\t\t\t\t\t\t\t\t\t<p class=\"elementor-icon-box-description\">\n\t\t\t\t\t\tSt\u00e1lgrindarh\u00fas er umbo\u00f0sa\u00f0ili fyrir fj\u00f6lbreytt \u00farval byggingarefna og hefur einkaumbo\u00f0 fr\u00e1 m\u00f6rgum framlei\u00f0endum til a\u00f0 tryggja vi\u00f0skiptavinum okkar h\u00e1g\u00e6\u00f0a efni fyrir \u00feeirra verkefni.\t\t\t\t\t<\/p>\n\t\t\t\t\n\t\t\t<\/div>\n\t\t\t\n\t\t<\/div>\n\t\t\t\t\t\t<\/div>\n\t\t\t\t<\/div>\n\t\t\t\t<\/div>\n\t\t\t\t<div class=\"elementor-element elementor-element-ce133f0 elementor-align-left elementor-widget elementor-widget-button\" data-id=\"ce133f0\" data-element_type=\"widget\" data-e-type=\"widget\" data-widget_type=\"button.default\">\n\t\t\t\t<div class=\"elementor-widget-container\">\n\t\t\t\t\t\t\t\t\t<div class=\"elementor-button-wrapper\">\n\t\t\t\t\t<a class=\"elementor-button elementor-button-link elementor-size-sm elementor-animation-skew-forward\" href=\"https:\/\/stalgrindarhus.is\/is\/about\/\">\n\t\t\t\t\t\t<span class=\"elementor-button-content-wrapper\">\n\t\t\t\t\t\t<span class=\"elementor-button-icon\">\n\t\t\t\t<svg aria-hidden=\"true\" class=\"e-font-icon-svg e-fas-chevron-right\" viewbox=\"0 0 320 512\" xmlns=\"http:\/\/www.w3.org\/2000\/svg\"><path d=\"M285.476 272.971L91.132 467.314c-9.373 9.373-24.569 9.373-33.941 0l-22.667-22.667c-9.357-9.357-9.375-24.522-.04-33.901L188.505 256 34.484 101.255c-9.335-9.379-9.317-24.544.04-33.901l22.667-22.667c9.373-9.373 24.569-9.373 33.941 0L285.475 239.03c9.373 9.372 9.373 24.568.001 33.941z\"><\/path><\/svg>\t\t\t<\/span>\n\t\t\t\t\t\t\t\t\t<span class=\"elementor-button-text\">Hefur \u00fe\u00fa \u00e1huga \u00e1 a\u00f0 byggja me\u00f0 okkur?<\/span>\n\t\t\t\t\t<\/span>\n\t\t\t\t\t<\/a>\n\t\t\t\t<\/div>\n\t\t\t\t\t\t\t\t<\/div>\n\t\t\t\t<\/div>\n\t\t\t\t<\/div>\n\t\t\t\t\t<\/div>\n\t\t\t\t<\/div>\n\t\t\t\t<\/div>","protected":false},"excerpt":{"rendered":"<p>About us Our Story We Are Dedicated to Building Excellence. Since 2002, Stalgrindarhus has been a leader in designing and constructing steel frame buildings. Our focus has always been on creating beautiful structures that remain affordable without compromising quality. Our Brand We believe in combining beauty with affordability, ensuring our clients get exceptional value. Innovation [&hellip;]<\/p>\n","protected":false},"author":1,"featured_media":0,"parent":0,"menu_order":0,"comment_status":"closed","ping_status":"closed","template":"elementor_header_footer","meta":{"footnotes":""},"class_list":["post-48","page","type-page","status-publish","hentry"],"_links":{"self":[{"href":"https:\/\/stalgrindarhus.is\/is\/wp-json\/wp\/v2\/pages\/48","targetHints":{"allow":["GET"]}}],"collection":[{"href":"https:\/\/stalgrindarhus.is\/is\/wp-json\/wp\/v2\/pages"}],"about":[{"href":"https:\/\/stalgrindarhus.is\/is\/wp-json\/wp\/v2\/types\/page"}],"author":[{"embeddable":true,"href":"https:\/\/stalgrindarhus.is\/is\/wp-json\/wp\/v2\/users\/1"}],"replies":[{"embeddable":true,"href":"https:\/\/stalgrindarhus.is\/is\/wp-json\/wp\/v2\/comments?post=48"}],"version-history":[{"count":52,"href":"https:\/\/stalgrindarhus.is\/is\/wp-json\/wp\/v2\/pages\/48\/revisions"}],"predecessor-version":[{"id":820,"href":"https:\/\/stalgrindarhus.is\/is\/wp-json\/wp\/v2\/pages\/48\/revisions\/820"}],"wp:attachment":[{"href":"https:\/\/stalgrindarhus.is\/is\/wp-json\/wp\/v2\/media?parent=48"}],"curies":[{"name":"wp","href":"https:\/\/api.w.org\/{rel}","templated":true}]}}