{"id":36,"date":"2024-09-17T14:21:05","date_gmt":"2024-09-17T14:21:05","guid":{"rendered":"https:\/\/stalgrindarhus.is\/?page_id=36"},"modified":"2024-11-20T16:34:34","modified_gmt":"2024-11-20T16:34:34","slug":"services","status":"publish","type":"page","link":"https:\/\/stalgrindarhus.is\/is\/services\/","title":{"rendered":"\u00dej\u00f3nustur"},"content":{"rendered":"<div data-elementor-type=\"wp-page\" data-elementor-id=\"36\" class=\"elementor elementor-36\" data-elementor-post-type=\"page\">\n\t\t\t\t<div class=\"elementor-element elementor-element-938eb9f e-flex e-con-boxed e-con e-parent\" data-id=\"938eb9f\" data-element_type=\"container\" data-e-type=\"container\" data-settings=\"{&quot;background_background&quot;:&quot;classic&quot;}\">\n\t\t\t\t\t<div class=\"e-con-inner\">\n\t\t\t\t<div class=\"elementor-element elementor-element-a3924a7 elementor-widget__width-inherit elementor-widget elementor-widget-heading\" data-id=\"a3924a7\" data-element_type=\"widget\" data-e-type=\"widget\" data-widget_type=\"heading.default\">\n\t\t\t\t<div class=\"elementor-widget-container\">\n\t\t\t\t\t<h4 class=\"elementor-heading-title elementor-size-default\">\u00dej\u00f3nustur<\/h4>\t\t\t\t<\/div>\n\t\t\t\t<\/div>\n\t\t\t\t<div class=\"elementor-element elementor-element-7b23629 elementor-widget__width-inherit elementor-widget elementor-widget-heading\" data-id=\"7b23629\" data-element_type=\"widget\" data-e-type=\"widget\" data-widget_type=\"heading.default\">\n\t\t\t\t<div class=\"elementor-widget-container\">\n\t\t\t\t\t<h1 class=\"elementor-heading-title elementor-size-default\">Vinnuferlar okkar<\/h1>\t\t\t\t<\/div>\n\t\t\t\t<\/div>\n\t\t\t\t\t<\/div>\n\t\t\t\t<\/div>\n\t\t<div class=\"elementor-element elementor-element-c734ca4 e-flex e-con-boxed e-con e-parent\" data-id=\"c734ca4\" data-element_type=\"container\" data-e-type=\"container\">\n\t\t\t\t\t<div class=\"e-con-inner\">\n\t\t\t\t<div class=\"elementor-element elementor-element-6bd5a5f elementor-widget elementor-widget-heading\" data-id=\"6bd5a5f\" data-element_type=\"widget\" data-e-type=\"widget\" data-widget_type=\"heading.default\">\n\t\t\t\t<div class=\"elementor-widget-container\">\n\t\t\t\t\t<h2 class=\"elementor-heading-title elementor-size-default\">Teikningar og samskipti vi\u00f0 arkitekta<\/h2>\t\t\t\t<\/div>\n\t\t\t\t<\/div>\n\t\t\t\t<div class=\"elementor-element elementor-element-24fe8e1 elementor-widget elementor-widget-text-editor\" data-id=\"24fe8e1\" data-element_type=\"widget\" data-e-type=\"widget\" data-widget_type=\"text-editor.default\">\n\t\t\t\t<div class=\"elementor-widget-container\">\n\t\t\t\t\t\t\t\t\t<p class=\"p1\">STALGRINDARHUS.IS leggur fram allar nau\u00f0synlegar ark\u00edtektateikningar, \u00fatreikninga og framlei\u00f0sluh\u00e6f g\u00f6gn til framlei\u00f0anda. Fr\u00e1 h\u00f6nnunarferlinu \u00ed upphafi og alla lei\u00f0 til loka framlei\u00f0slu er krafist a\u00f0 \u00e1kve\u00f0inn verkfr\u00e6\u00f0ingur fr\u00e1 framlei\u00f0endateyminu e\u00f0a umbo\u00f0sskrifstofu, sem talar ensku, st\u00fdri \u00f6llum samskiptum. \u00deetta felur \u00ed s\u00e9r dagleg samskipti vi\u00f0 verkfr\u00e6\u00f0inga kaupanda og Ranns\u00f3knarstofnun Byggingari\u00f0na\u00f0arins (RB-IRBI).<\/p><p class=\"p1\">Mikilv\u00e6gt er a\u00f0 \u00f6ll g\u00f6gn sem send eru inn, \u00fear \u00e1 me\u00f0al teikningar, \u00e1lagsuppl\u00fdsingar og sta\u00f0lar, haldist \u00f3breytt \u00ed gegnum allt ferli\u00f0. Ef \u00fe\u00f6rf er \u00e1 breytingum \u00fearf framlei\u00f0andi a\u00f0 leita sam\u00feykkis me\u00f0 formlegri bei\u00f0ni sendri rafr\u00e6nt til verkfr\u00e6\u00f0inga kaupanda. \u00deetta tryggir a\u00f0 engar \u00f3v\u00e6ntar breytingar ver\u00f0i ger\u00f0ar og a\u00f0 allir a\u00f0ilar s\u00e9u uppl\u00fdstir um st\u00f6\u00f0una.<\/p>\t\t\t\t\t\t\t\t<\/div>\n\t\t\t\t<\/div>\n\t\t\t\t\t<\/div>\n\t\t\t\t<\/div>\n\t\t<div class=\"elementor-element elementor-element-76bb0bb e-flex e-con-boxed e-con e-parent\" data-id=\"76bb0bb\" data-element_type=\"container\" data-e-type=\"container\">\n\t\t\t\t\t<div class=\"e-con-inner\">\n\t\t\t\t<div class=\"elementor-element elementor-element-2b9111d elementor-widget elementor-widget-heading\" data-id=\"2b9111d\" data-element_type=\"widget\" data-e-type=\"widget\" data-widget_type=\"heading.default\">\n\t\t\t\t<div class=\"elementor-widget-container\">\n\t\t\t\t\t<h2 class=\"elementor-heading-title elementor-size-default\">Samr\u00e6ming vi\u00f0 undirverktaka og g\u00e6\u00f0asta\u00f0la<\/h2>\t\t\t\t<\/div>\n\t\t\t\t<\/div>\n\t\t\t\t<div class=\"elementor-element elementor-element-b0dea5d elementor-widget elementor-widget-text-editor\" data-id=\"b0dea5d\" data-element_type=\"widget\" data-e-type=\"widget\" data-widget_type=\"text-editor.default\">\n\t\t\t\t<div class=\"elementor-widget-container\">\n\t\t\t\t\t\t\t\t\t<p class=\"p1\">Auk \u00feess a\u00f0 st\u00fdra samskiptum ber framlei\u00f0andi (\u00ed samvinnu vi\u00f0 umbo\u00f0sskrifstofu s\u00edna) \u00e1byrg\u00f0 \u00e1 a\u00f0 halda reglulegu sambandi vi\u00f0 lykilundirverktaka. \u00deessir undirverktakar geta veri\u00f0 framlei\u00f0endur bur\u00f0arst\u00e1lhluta eins og Z- og C-pr\u00f3f\u00edla, auk kl\u00e6\u00f0ninga, glugga og hur\u00f0a. Framlei\u00f0andinn ber \u00e1byrg\u00f0 \u00e1 a\u00f0 allir framlei\u00f0endur f\u00e1i r\u00e9tt g\u00f6gn, teikningar og sta\u00f0la sem nau\u00f0synleg eru fyrir framlei\u00f0slu og afhendingu.<\/p><p class=\"p1\">S\u00e9rst\u00f6k athygli \u00fearf a\u00f0 beinast a\u00f0 \u00fev\u00ed a\u00f0 uppfylla s\u00e9rst\u00f6ku bur\u00f0ar\u00feolskr\u00f6fur h\u00e9r \u00e1 \u00cdslandi. S\u00e9rstaklega \u00fearf a\u00f0 g\u00e6ta a\u00f0 vegghornum, vind\u00feoli og \u00feaki (innan fyrstu 3 metra fr\u00e1 br\u00fan) sem skulu uppfylla h\u00e6rri sta\u00f0la. \u00deetta krefst oft aukinnar styrkingar, til d\u00e6mis me\u00f0 Z-pr\u00f3f\u00edlum e\u00f0a vi\u00f0b\u00f3tar st\u00e1lsm\u00ed\u00f0i, til a\u00f0 tryggja a\u00f0 byggingin standist e\u00f0a fari fram \u00far v\u00e6ntingum \u00e1 \u00feessum svi\u00f0um.<\/p><p class=\"p1\">Mikilv\u00e6gt er a\u00f0 \u00f6ll g\u00f6gn sem send eru inn, \u00fear \u00e1 me\u00f0al teikningar, \u00e1lagsuppl\u00fdsingar og sta\u00f0lar, haldist \u00f3breytt \u00ed gegnum allt ferli\u00f0. Ef \u00fe\u00f6rf er \u00e1 breytingum \u00fearf framlei\u00f0andi a\u00f0 leita sam\u00feykkis me\u00f0 formlegri bei\u00f0ni sendri rafr\u00e6nt til verkfr\u00e6\u00f0inga kaupanda. \u00deetta tryggir a\u00f0 engar \u00f3v\u00e6ntar breytingar ver\u00f0i ger\u00f0ar og a\u00f0 allir a\u00f0ilar s\u00e9u uppl\u00fdstir um st\u00f6\u00f0una.<\/p>\t\t\t\t\t\t\t\t<\/div>\n\t\t\t\t<\/div>\n\t\t\t\t\t<\/div>\n\t\t\t\t<\/div>\n\t\t<div class=\"elementor-element elementor-element-06e49fa e-flex e-con-boxed e-con e-parent\" data-id=\"06e49fa\" data-element_type=\"container\" data-e-type=\"container\">\n\t\t\t\t\t<div class=\"e-con-inner\">\n\t\t\t\t<div class=\"elementor-element elementor-element-f90fe79 elementor-widget elementor-widget-heading\" data-id=\"f90fe79\" data-element_type=\"widget\" data-e-type=\"widget\" data-widget_type=\"heading.default\">\n\t\t\t\t<div class=\"elementor-widget-container\">\n\t\t\t\t\t<h2 class=\"elementor-heading-title elementor-size-default\">Ver\u00f0lagning og flutningsm\u00e1l vegna uppsetningar \u00e1 \u00cdslandi<\/h2>\t\t\t\t<\/div>\n\t\t\t\t<\/div>\n\t\t\t\t<div class=\"elementor-element elementor-element-ab5508a elementor-widget elementor-widget-text-editor\" data-id=\"ab5508a\" data-element_type=\"widget\" data-e-type=\"widget\" data-widget_type=\"text-editor.default\">\n\t\t\t\t<div class=\"elementor-widget-container\">\n\t\t\t\t\t\t\t\t\t<p class=\"p1\">\u00deegar allir t\u00e6knil\u00fdsingar hafa veri\u00f0 sam\u00feykktar ber framlei\u00f0anda a\u00f0 leggja fram \u00edtarlegt ver\u00f0tilbo\u00f0 til STALGRINDARHUS.IS. Tilbo\u00f0i\u00f0 skal innihalda t\u00e6knilegar uppl\u00fdsingar um kl\u00e6\u00f0ningar, glugga og hur\u00f0ir, settar fram \u00ed t\u00f6fluformi. Einnig \u00fearf a\u00f0 koma fram \u00e1\u00e6tla\u00f0 \u00feyngd efnis (\u00ed tonnum), r\u00famm\u00e1l (\u00ed r\u00fammetrum) og flutningskostna\u00f0ur (samkv\u00e6mt FAS \u2013 Incoterms 2000). A\u00f0 auki skal tilgreina \u00e1\u00e6tla\u00f0an fj\u00f6lda 40 feta g\u00e1ma sem \u00fearf til sendingar.<\/p><p class=\"p1\">\u00de\u00f3 a\u00f0 magn st\u00e1ls og kl\u00e6\u00f0ninga geti breyst eftir \u00fev\u00ed sem h\u00f6nnun \u00fer\u00f3ast, skulu einingaver\u00f0 haldast \u00f3breytt. Ver\u00f0tilbo\u00f0i\u00f0 skal innihalda t\u00edma- og kostna\u00f0ar\u00e1\u00e6tlun vegna uppsetningar h\u00fassins \u00e1 \u00cdslandi, \u00e1samt kostna\u00f0i vi\u00f0 fer\u00f0al\u00f6g starfsmanna til og fr\u00e1 landinu. Einnig skal leggja fram s\u00e9rt\u00e6ka \u00fatreikninga \u00e1 kostna\u00f0i vegna kranavinnu, verkf\u00e6ra, gistingar, heildarfj\u00f6lda starfsmanna og matar fyrir verkaf\u00f3lk \u00e1 \u00cdslandi.<\/p><p class=\"p1\">Mikilv\u00e6gt er a\u00f0 hafa \u00ed huga a\u00f0 \u00f6ll ver\u00f0tilbo\u00f0 skulu vera heildarver\u00f0 \u00e1n vir\u00f0isaukaskatts. STALGRINDARHUS.IS mun afla uppl\u00fdsinga um, og vinna me\u00f0 framlei\u00f0anda a\u00f0 \u00fev\u00ed a\u00f0 meta, kostna\u00f0 vegna verkfr\u00e6\u00f0i- og umbo\u00f0sstarfsemi hans strax \u00ed upphafi verkefnis. Vegna t\u00edmapressu \u00e1 \u00cdslandi er t\u00edminn oft mj\u00f6g skammur fr\u00e1 \u00fev\u00ed a\u00f0 \u00fatbo\u00f0sskilm\u00e1lar og t\u00e6knil\u00fdsingar liggja fyrir \u00fear til ver\u00f0tilbo\u00f0 \u00fearf a\u00f0 berast. Almennt er t\u00edmarammi STALGRINDARHUS.IS til a\u00f0 mi\u00f0la s\u00f6lu og ganga fr\u00e1 samningi um \u00fea\u00f0 bil 1\u20132 m\u00e1nu\u00f0ir eftir a\u00f0 ver\u00f0tilbo\u00f0 liggur fyrir.<\/p>\t\t\t\t\t\t\t\t<\/div>\n\t\t\t\t<\/div>\n\t\t\t\t<div class=\"elementor-element elementor-element-e8fffe5 elementor-align-left elementor-widget elementor-widget-button\" data-id=\"e8fffe5\" data-element_type=\"widget\" data-e-type=\"widget\" data-widget_type=\"button.default\">\n\t\t\t\t<div class=\"elementor-widget-container\">\n\t\t\t\t\t\t\t\t\t<div class=\"elementor-button-wrapper\">\n\t\t\t\t\t<a class=\"elementor-button elementor-button-link elementor-size-sm elementor-animation-skew-forward\" href=\"https:\/\/stalgrindarhus.is\/is\/contact\/\">\n\t\t\t\t\t\t<span class=\"elementor-button-content-wrapper\">\n\t\t\t\t\t\t<span class=\"elementor-button-icon\">\n\t\t\t\t<svg aria-hidden=\"true\" class=\"e-font-icon-svg e-fas-chevron-right\" viewbox=\"0 0 320 512\" xmlns=\"http:\/\/www.w3.org\/2000\/svg\"><path d=\"M285.476 272.971L91.132 467.314c-9.373 9.373-24.569 9.373-33.941 0l-22.667-22.667c-9.357-9.357-9.375-24.522-.04-33.901L188.505 256 34.484 101.255c-9.335-9.379-9.317-24.544.04-33.901l22.667-22.667c9.373-9.373 24.569-9.373 33.941 0L285.475 239.03c9.373 9.372 9.373 24.568.001 33.941z\"><\/path><\/svg>\t\t\t<\/span>\n\t\t\t\t\t\t\t\t\t<span class=\"elementor-button-text\">Ertu me\u00f0 einhverjar spurningar?<\/span>\n\t\t\t\t\t<\/span>\n\t\t\t\t\t<\/a>\n\t\t\t\t<\/div>\n\t\t\t\t\t\t\t\t<\/div>\n\t\t\t\t<\/div>\n\t\t\t\t\t<\/div>\n\t\t\t\t<\/div>\n\t\t\t\t<\/div>","protected":false},"excerpt":{"rendered":"<p>Services How We Work Architectural Drawings and Communications STALGRINDARHUS.IS provides the producer with all necessary architectural drawings, calculations, and production-ready materials. From the beginning of the design phase through to the final stages of production, a designated English-speaking engineer from the producer\u2019s team or agency is required to manage all communication. This includes daily interaction [&hellip;]<\/p>\n","protected":false},"author":1,"featured_media":0,"parent":0,"menu_order":0,"comment_status":"closed","ping_status":"closed","template":"elementor_header_footer","meta":{"footnotes":""},"class_list":["post-36","page","type-page","status-publish","hentry"],"_links":{"self":[{"href":"https:\/\/stalgrindarhus.is\/is\/wp-json\/wp\/v2\/pages\/36","targetHints":{"allow":["GET"]}}],"collection":[{"href":"https:\/\/stalgrindarhus.is\/is\/wp-json\/wp\/v2\/pages"}],"about":[{"href":"https:\/\/stalgrindarhus.is\/is\/wp-json\/wp\/v2\/types\/page"}],"author":[{"embeddable":true,"href":"https:\/\/stalgrindarhus.is\/is\/wp-json\/wp\/v2\/users\/1"}],"replies":[{"embeddable":true,"href":"https:\/\/stalgrindarhus.is\/is\/wp-json\/wp\/v2\/comments?post=36"}],"version-history":[{"count":16,"href":"https:\/\/stalgrindarhus.is\/is\/wp-json\/wp\/v2\/pages\/36\/revisions"}],"predecessor-version":[{"id":731,"href":"https:\/\/stalgrindarhus.is\/is\/wp-json\/wp\/v2\/pages\/36\/revisions\/731"}],"wp:attachment":[{"href":"https:\/\/stalgrindarhus.is\/is\/wp-json\/wp\/v2\/media?parent=36"}],"curies":[{"name":"wp","href":"https:\/\/api.w.org\/{rel}","templated":true}]}}